{"id":120,"date":"2025-07-01T14:03:04","date_gmt":"2025-07-01T17:03:04","guid":{"rendered":"https:\/\/btv.org.br\/site\/?page_id=120"},"modified":"2025-07-04T15:08:59","modified_gmt":"2025-07-04T18:08:59","slug":"about-clone","status":"publish","type":"page","link":"https:\/\/btv.org.br\/site\/about-clone\/","title":{"rendered":"Forma\u00e7\u00e3o Centro Paula Souza"},"content":{"rendered":"\n\n\n\n<p>Lorem Ipsum has been the industry&#8217;s standard dummy text ever since the 1500s.<\/p>\n\n\n<p>Lorem Ipsum has been the industry&#8217;s standard dummy text ever since the 1500s.<\/p>\n\n\n\n\n<h2>Forma\u00e7\u00e3o com Foco na Cria\u00e7\u00e3o Colaborativa em Parceria com a Funda\u00e7\u00e3o Paula Souza<\/h2>\n\n\n\n\n\n\n\n<p>Lorem Ipsum has been the industry&#8217;s standard dummy text ever since the 1500s.<\/p>\n\n\n\n\n\n\n\nEm 2025, o Projeto Bem-Te-Vi, em parceria com o ECOCINE e o CETEC\/URH do Centro Paula Souza, realizou a Oficina Educomunicativa Bem-Te-Vi, uma forma\u00e7\u00e3o voltada a docentes de escolas p\u00fablicas e privadas com foco na cria\u00e7\u00e3o colaborativa de podcasts.<br>\n A capacita\u00e7\u00e3o foi realizada entre os dias 23 de abril e 30 de agosto, com quatro encontros s\u00edncronos \u00e0s quartas-feiras (realizados nos dias 07, 14, 21 e 28 de maio, das 14h \u00e0s 17h), totalizando 20 horas de forma\u00e7\u00e3o (12h s\u00edncronas e 8h ass\u00edncronas), por meio da plataforma Google Meet. <br>A oficina contou com educadores do Centro Paula Souza como participantes e apresentou a metodologia educomunicativa Bem-Te-Vi, reconhecida por integrar m\u00eddia, educa\u00e7\u00e3o e territ\u00f3rio em processos criativos e participativos.\nO percurso formativo foi dividido em quatro m\u00f3dulos semanais. Na primeira semana, os participantes foram introduzidos aos fundamentos da educomunica\u00e7\u00e3o e \u00e0 metodologia Bem-Te-Vi, com foco na linguagem do podcast como estrat\u00e9gia educativa. A segunda semana foi dedicada a experimenta\u00e7\u00f5es pr\u00e1ticas com roteiro, grava\u00e7\u00e3o e escuta cr\u00edtica, al\u00e9m da an\u00e1lise de experi\u00eancias inspiradoras.<br>\nA terceira semana abordou a produ\u00e7\u00e3o colaborativa inicial de epis\u00f3dios, incluindo roteiriza\u00e7\u00e3o e edi\u00e7\u00e3o b\u00e1sica de \u00e1udio. Por fim, na quarta semana, os educadores finalizaram suas produ\u00e7\u00f5es, participaram de uma escuta coletiva com devolutiva e refletiram sobre o uso pedag\u00f3gico dos podcasts em sala de aula.<br>\nDurante a forma\u00e7\u00e3o, os docentes produziram exerc\u00edcios de podcasts e para encerrar, como atividade final da oficina, as e os participantes receberam o convite para produzir epis\u00f3dios autorais da s\u00e9rie &#8220;O Conte\u00fado Somos N\u00f3s&#8221;, com tem\u00e1ticas socioambientais definidas de forma coletiva, em di\u00e1logo com a COP 30 (Bel\u00e9m, 2025), integrando a terceira temporada do podcast, comemorativa dos 20 anos do Projeto Bem-Te-Vi.\n\n\n\n\n\n\n<h2>relatos<\/h2>\n\n\n\n\n\n\n\n<p><font color=\"#ffffff\">Tenho certeza de que a vinda do N\u00facleo para o Bem-te-vi foi, sem d\u00favida, o atendimento de um anseio maior dos educadores: finalmente encontramos um parceiro que compreendesse a linguagem audiovisual e a unisse \u00e0 pr\u00e1tica educativa exigida no ato de ministrar uma oficina. Como educadora deste projeto desde 2006, acho que a qualidade das oficinas, sem d\u00favida, melhorou com a chegada de voc\u00eas.<\/font><\/p>\n\n\n<p><font color=\"#ffffff\">Creio que a princ\u00edpio n\u00e3o entenderam bem a proposta, parecia assombroso: como fazer um filme com crian\u00e7as do Brasil! Era uma ideia muito louca. Creio que n\u00e3o est\u00e1vamos muito conscientes, inclusive eu, sobre as outras pessoas que estavam trabalhando, at\u00e9 que nos vimos pelo skype. Foi uma experi\u00eancia maravilhosa, porque a partir da\u00ed aquelas pessoas tinham rosto, e n\u00e3o s\u00f3 uma foto como o documento que t\u00ednhamos na parede.<\/font><\/p><p><font color=\"#ffffff\">Foi muito emocionante. E agora que voc\u00ea est\u00e1 vindo, eles v\u00e3o ter mais consci\u00eancia. Mas acho que s\u00f3 v\u00e3o ter a ideia mesmo quando tudo estiver funcionando, quando o filme estiver pronto vamos acreditar no que fizemos. Ainda me parece incr\u00edvel.<\/font><\/p>\n\n\n\n\n\n\n\n\n\n\n\n\n<p>Lorem Ipsum has been the industry&#8217;s standard dummy text ever since the 1500s.<\/p>\n\n\n\n\n\n\n\n\n","protected":false},"excerpt":{"rendered":"","protected":false},"author":1,"featured_media":0,"parent":0,"menu_order":0,"comment_status":"closed","ping_status":"closed","template":"","meta":{"pagelayer_contact_templates":[],"_pagelayer_content":"","footnotes":""},"class_list":["post-120","page","type-page","status-publish","hentry"],"_links":{"self":[{"href":"https:\/\/btv.org.br\/site\/wp-json\/wp\/v2\/pages\/120","targetHints":{"allow":["GET"]}}],"collection":[{"href":"https:\/\/btv.org.br\/site\/wp-json\/wp\/v2\/pages"}],"about":[{"href":"https:\/\/btv.org.br\/site\/wp-json\/wp\/v2\/types\/page"}],"author":[{"embeddable":true,"href":"https:\/\/btv.org.br\/site\/wp-json\/wp\/v2\/users\/1"}],"replies":[{"embeddable":true,"href":"https:\/\/btv.org.br\/site\/wp-json\/wp\/v2\/comments?post=120"}],"version-history":[{"count":12,"href":"https:\/\/btv.org.br\/site\/wp-json\/wp\/v2\/pages\/120\/revisions"}],"predecessor-version":[{"id":308,"href":"https:\/\/btv.org.br\/site\/wp-json\/wp\/v2\/pages\/120\/revisions\/308"}],"wp:attachment":[{"href":"https:\/\/btv.org.br\/site\/wp-json\/wp\/v2\/media?parent=120"}],"curies":[{"name":"wp","href":"https:\/\/api.w.org\/{rel}","templated":true}]}}