{"id":127,"date":"2025-07-01T16:01:09","date_gmt":"2025-07-01T19:01:09","guid":{"rendered":"https:\/\/btv.org.br\/site\/?page_id=127"},"modified":"2025-07-07T16:19:11","modified_gmt":"2025-07-07T19:19:11","slug":"festival-bem-te-vi","status":"publish","type":"page","link":"https:\/\/btv.org.br\/site\/festival-bem-te-vi\/","title":{"rendered":"Festival Bem-te-Vi"},"content":{"rendered":"\n\n\n\n<p>Lorem Ipsum has been the industry&#8217;s standard dummy text ever since the 1500s.<\/p>\n\n\n\n\n<h6>Em 2025, celebramos os 20 anos do Projeto Bem-te-vi, criado em 2005 com o prop\u00f3sito de promover o encontro entre inf\u00e2ncia, adolesc\u00eancia, educa\u00e7\u00e3o e audiovisual. Para marcar essa trajet\u00f3ria, preparamos uma programa\u00e7\u00e3o especial que valoriza a produ\u00e7\u00e3o de crian\u00e7as e jovens, compartilha saberes e reafirma os princ\u00edpios da nossa metodologia educomunicativa.<\/h6>\n\n\n\n\n\n\n\n<p>Lorem Ipsum has been the industry&#8217;s standard dummy text ever since the 1500s.<\/p>\n\n\n\n\n\n\n\nUma das principais a\u00e7\u00f5es deste ano \u00e9 o Festival Bem-Te-Vi \u2013 Filmes e Produ\u00e7\u00f5es Realizadas por e com Crian\u00e7as e Jovens (BTV Festival: Kids Making Films). O festival nasce com o prop\u00f3sito de celebrar, promover e valorizar a produ\u00e7\u00e3o audiovisual realizada por e com crian\u00e7as e jovens, ampliando espa\u00e7os de escuta, cria\u00e7\u00e3o e express\u00e3o. A proposta \u00e9 reconhecer os direitos \u00e0 comunica\u00e7\u00e3o, \u00e0 cultura e \u00e0 participa\u00e7\u00e3o das inf\u00e2ncias e juventudes, fortalecendo suas narrativas, perspectivas e vis\u00f5es de mundo por meio da linguagem audiovisual.\nDe 7 de outubro a 7 de novembro, a mostra de filmes estar\u00e1 dispon\u00edvel na plataforma TaoPlay, destacando produ\u00e7\u00f5es potentes, sens\u00edveis e plurais.\nAl\u00e9m disso, lan\u00e7amos uma nova temporada do podcast &#8220;O conte\u00fado somos n\u00f3s&#8221;, produzida com estudantes do Centro Paula Souza, e Ariane Porto, fundadora do Bem-te-vi, publica a 2\u00aa edi\u00e7\u00e3o do livro \u201cA crian\u00e7a e o audiovisual: Bem-te-vi metodologia educomunicativa\u201d.\nMais do que uma comemora\u00e7\u00e3o, os 20 anos do Bem-Te-Vi s\u00e3o um convite \u00e0 continuidade de processos de escuta, cria\u00e7\u00e3o e transforma\u00e7\u00e3o com as inf\u00e2ncias e juventudes.\n\n\n\n\n\n\n<h2>relatos<\/h2>\n\n\n\n\n\n\n\n<p>Lorem Ipsum has been the industry&#8217;s standard dummy text ever since the 1500s.<\/p>\n\n\n\n\n\n\n\n\n\n\n\n\n<p>Tenho certeza de que a vinda do N\u00facleo para o Bem-te-vi foi,<br> sem d\u00favida, o atendimento de um anseio maior dos educadores:<br> finalmente encontramos um parceiro que compreendesse a<br> linguagem audiovisual e a unisse \u00e0 pr\u00e1tica educativa exigida no ato<br> de ministrar uma oficina. Como educadora deste projeto desde 2006,<br> acho que a qualidade das oficinas, sem d\u00favida, melhorou com a<br> chegada de voc\u00eas.<\/p>\n\n<p><font color=\"#ffffff\">Tenho absoluta certeza de que a vinda do N\u00facleo para o Bem-te-vi foi, sem d\u00favida, o atendimento de um anseio maior dos educadores: finalmente encontramos um parceiro que compreendesse a linguagem audiovisual e a unisse \u00e0 pr\u00e1tica educativa exigida no ato de ministrar uma oficina. Como educadora deste projeto desde 2006, acho que a qualidade das oficinas, sem d\u00favida, melhorou com a chegada de voc\u00eas.<\/font><\/p><div><br><\/div>\n\n\n\n\n\n\n\n","protected":false},"excerpt":{"rendered":"","protected":false},"author":1,"featured_media":0,"parent":0,"menu_order":0,"comment_status":"closed","ping_status":"closed","template":"","meta":{"pagelayer_contact_templates":[],"_pagelayer_content":"","footnotes":""},"class_list":["post-127","page","type-page","status-publish","hentry"],"_links":{"self":[{"href":"https:\/\/btv.org.br\/site\/wp-json\/wp\/v2\/pages\/127","targetHints":{"allow":["GET"]}}],"collection":[{"href":"https:\/\/btv.org.br\/site\/wp-json\/wp\/v2\/pages"}],"about":[{"href":"https:\/\/btv.org.br\/site\/wp-json\/wp\/v2\/types\/page"}],"author":[{"embeddable":true,"href":"https:\/\/btv.org.br\/site\/wp-json\/wp\/v2\/users\/1"}],"replies":[{"embeddable":true,"href":"https:\/\/btv.org.br\/site\/wp-json\/wp\/v2\/comments?post=127"}],"version-history":[{"count":12,"href":"https:\/\/btv.org.br\/site\/wp-json\/wp\/v2\/pages\/127\/revisions"}],"predecessor-version":[{"id":336,"href":"https:\/\/btv.org.br\/site\/wp-json\/wp\/v2\/pages\/127\/revisions\/336"}],"wp:attachment":[{"href":"https:\/\/btv.org.br\/site\/wp-json\/wp\/v2\/media?parent=127"}],"curies":[{"name":"wp","href":"https:\/\/api.w.org\/{rel}","templated":true}]}}