{"id":188,"date":"2025-07-02T09:44:41","date_gmt":"2025-07-02T12:44:41","guid":{"rendered":"https:\/\/btv.org.br\/site\/?page_id=188"},"modified":"2025-07-04T15:59:03","modified_gmt":"2025-07-04T18:59:03","slug":"origem","status":"publish","type":"page","link":"https:\/\/btv.org.br\/site\/origem\/","title":{"rendered":"Origem"},"content":{"rendered":"\n\n\n\n<h2>origem<\/h2>\n\n\n\n\n\n\n\n<p>Lorem Ipsum has been the industry&#8217;s standard dummy text ever since the 1500s.<\/p>\n\n\n\n\n\n\n\n\n\n\n\n<h2><span id=\"docs-internal-guid-bc6ae56a-7fff-14c2-445b-57caf9cbcce2\" style=\"font-weight:normal;\"><span style=\"font-size: 30pt; font-family: Arial, sans-serif; color: rgb(0, 0, 4); background-color: transparent; font-weight: 700; font-style: normal; font-variant: normal; text-decoration-style: initial; white-space-collapse: preserve;\">Origem do Projeto Bem-Te-Vi<\/span><\/span><\/h2>\n\n\nOrigem do Projeto Bem-Te-Vi\nCentro Cultural S\u00e3o Sebasti\u00e3o Tem Alma (CCSSTA) \u00e9 uma entidade sem fins lucrativos fundada em 1989 no munic\u00edpio de S\u00e3o Sebasti\u00e3o, litoral norte de S\u00e3o Paulo. O intuito era preservar as culturas litor\u00e2neas, com \u00eanfase na cultura cai\u00e7ara e estabelecer uma ponte de liga\u00e7\u00e3o com a sociedade por meio da educa\u00e7\u00e3o e audiovisual.<br>\nA linguagem audiovisual come\u00e7ou a ser utilizada nas a\u00e7\u00f5es com a comunidade cai\u00e7ara, como forma de registro da mem\u00f3ria oral e difus\u00e3o cultural, atrav\u00e9s do desenvolvimento de um trabalho com as escolas, ensinando as crian\u00e7as a operarem uma c\u00e2mera de v\u00eddeo VHS e dando-lhes instrumentos para que realizassem seu pr\u00f3prio document\u00e1rio ou contassem a hist\u00f3ria de seu bairro com qualquer outra forma narrativa.\n\n\n\n\n\n\n\nCom o desenvolvimento de uma s\u00e9rie de a\u00e7\u00f5es junto \u00e0 comunidade, um dos projetos criados foram produ\u00e7\u00f5es audiovisuais voltadas ao p\u00fablico infantil com os filmes \u2018\u2019Guai\u00e1 dos Mares\u2019\u2019, \u2018\u2019A Ilha do Terr\u00edvel Rapaterra\u2019\u2019 e a s\u00e9rie \u2018\u2019Assembleia dos Bichos\u2019\u2019. Nasce assim, o Projeto Bem-te-vi.\n\n\n\n\n<p style=\"text-align: center;\"><strong style=\"font-family: Arial;\" ><font size=\"5\"> O Projeto Educomunicativo Bem-Te-Vi<br>\nInf\u00e2ncia e Audiovisual<\/strong><\/p>\n\n\n\n\n\n\n\n\n\nO Projeto Educomunicativo Bem-Te-Vi\nInf\u00e2ncia e Audiovisual\nO Projeto Bem-te-vi, criado em 2005 pela cineasta Ariane Porto, oferece oficinas de audiovisual para crian\u00e7as e adolescentes de 6 a 17 anos.<br>\nO projeto visa estabelecer um di\u00e1logo direto com os jovens, proporcionando acesso a equipamentos de grava\u00e7\u00e3o e edi\u00e7\u00e3o, e criando um espa\u00e7o de protagonismo para que eles desenvolvam sua identidade cultural atrav\u00e9s da linguagem audiovisual e das novas tecnologias.<br>\nEm 2006 e 2007 o projeto teve como parceiro a Secretaria de Cultura do Estado de S\u00e3o Paulo &#8211; atrav\u00e9s da ASSAOC &#8211; e foram implantados 16 ninhos. Nessa fase, a Bem-te-vi recebeu um importante apoio da Sabesp, atrav\u00e9s da Lei Rouanet. \nEm 2007, o N\u00facleo de Comunica\u00e7\u00e3o e Educa\u00e7\u00e3o da ECA\/USP assume a Coordena\u00e7\u00e3o Pedag\u00f3gica e todos os educadores passam a fazer parte de um processo constante de capacita\u00e7\u00e3o e acompanhamento das atividades.<br><strong>\nNinhos<\/strong><br>\nQualquer espa\u00e7o p\u00fablico pode se tornar um &#8220;ninho&#8221; desde que tenha condi\u00e7\u00f5es f\u00edsicas e humanas. Os Ninhos s\u00e3o equipados com equipamentos de capta\u00e7\u00e3o (c\u00e2mera de v\u00eddeo, som, ilumina\u00e7\u00e3o) e edi\u00e7\u00e3o (computadores, softwares de edi\u00e7\u00e3o de imagem e som).\nO ninho \u00e9 um local onde a crian\u00e7a se sente acolhida, segura e ao mesmo tempo, livre para crescer com criatividade e alegria.<br><strong>\nNosso Padrinho<\/strong><br>\nO Padrinho do Projeto Bem-Te-Vi \u00e9 o autor Lima Duarte, que apoia o projeto participando das atividades p\u00fablicas como exibi\u00e7\u00f5es dos filmes produzidos pelas crian\u00e7as, mas tamb\u00e9m de atividades pedag\u00f3gicas. <br>\n\nEm junho de 2007, Lima Duarte participou de uma oficina de document\u00e1rio realizada com os alunos da APAE de S\u00e3o Sebasti\u00e3o.<br>\n\n\n\n\n\n\n\n\n<h2>Outras atividades<\/h2>\n\n\n\n\n\n\n\n<p>Lorem Ipsum has been the industry&#8217;s standard dummy text ever since the 1500s.<\/p>\n\n\n\n\n\n\n\n\n<br>\n\n\n.\n\n\n<br>\n\n\n\n\n\n\n\n<h2>Centro Cultural S\u00e3o Sebasti\u00e3o Tem Alma<\/h2>\n\n\n\n\n\n\n\n<p>Lorem Ipsum has been the industry&#8217;s standard dummy text ever since the 1500s.<\/p>\n\n\n\n\n\n\n\n\n","protected":false},"excerpt":{"rendered":"","protected":false},"author":1,"featured_media":0,"parent":0,"menu_order":0,"comment_status":"closed","ping_status":"closed","template":"","meta":{"pagelayer_contact_templates":[],"_pagelayer_content":"","footnotes":""},"class_list":["post-188","page","type-page","status-publish","hentry"],"_links":{"self":[{"href":"https:\/\/btv.org.br\/site\/wp-json\/wp\/v2\/pages\/188","targetHints":{"allow":["GET"]}}],"collection":[{"href":"https:\/\/btv.org.br\/site\/wp-json\/wp\/v2\/pages"}],"about":[{"href":"https:\/\/btv.org.br\/site\/wp-json\/wp\/v2\/types\/page"}],"author":[{"embeddable":true,"href":"https:\/\/btv.org.br\/site\/wp-json\/wp\/v2\/users\/1"}],"replies":[{"embeddable":true,"href":"https:\/\/btv.org.br\/site\/wp-json\/wp\/v2\/comments?post=188"}],"version-history":[{"count":9,"href":"https:\/\/btv.org.br\/site\/wp-json\/wp\/v2\/pages\/188\/revisions"}],"predecessor-version":[{"id":325,"href":"https:\/\/btv.org.br\/site\/wp-json\/wp\/v2\/pages\/188\/revisions\/325"}],"wp:attachment":[{"href":"https:\/\/btv.org.br\/site\/wp-json\/wp\/v2\/media?parent=188"}],"curies":[{"name":"wp","href":"https:\/\/api.w.org\/{rel}","templated":true}]}}